{"id":746,"date":"2023-05-01T18:27:16","date_gmt":"2023-05-01T21:27:16","guid":{"rendered":"https:\/\/lp2.majobeautyclub.com.br\/?page_id=746"},"modified":"2023-05-09T15:05:52","modified_gmt":"2023-05-09T18:05:52","slug":"lipo-redux-obrigado","status":"publish","type":"page","link":"https:\/\/lp2.majobeautyclub.com.br\/index.php\/lipo-redux-obrigado\/","title":{"rendered":"lipo redux &#8211; obrigado"},"content":{"rendered":"\t\t<div data-elementor-type=\"wp-page\" data-elementor-id=\"746\" class=\"elementor elementor-746\" data-elementor-settings=\"[]\">\n\t\t\t\t\t\t\t<div class=\"elementor-section-wrap\">\n\t\t\t\t\t\t\t<section class=\"elementor-section elementor-top-section elementor-element elementor-element-5a45fc87 elementor-section-boxed elementor-section-height-default elementor-section-height-default\" data-id=\"5a45fc87\" data-element_type=\"section\" data-settings=\"{&quot;background_background&quot;:&quot;classic&quot;}\">\n\t\t\t\t\t\t<div class=\"elementor-container elementor-column-gap-default\">\n\t\t\t\t\t<div class=\"elementor-column elementor-col-100 elementor-top-column elementor-element elementor-element-6be51cf6\" data-id=\"6be51cf6\" data-element_type=\"column\">\n\t\t\t<div class=\"elementor-widget-wrap elementor-element-populated\">\n\t\t\t\t\t\t\t\t<div class=\"elementor-element elementor-element-5909098d elementor-widget elementor-widget-image\" data-id=\"5909098d\" data-element_type=\"widget\" data-widget_type=\"image.default\">\n\t\t\t\t<div class=\"elementor-widget-container\">\n\t\t\t\t\t\t\t\t\t\t\t\t\t\t\t<img width=\"768\" height=\"543\" src=\"https:\/\/lp2.majobeautyclub.com.br\/wp-content\/uploads\/2023\/02\/MARCA-MAJO-CHAPADA_Base-Fendi-1.pdf-768x543.png\" class=\"attachment-medium_large size-medium_large\" alt=\"\" decoding=\"async\" loading=\"lazy\" srcset=\"https:\/\/lp2.majobeautyclub.com.br\/wp-content\/uploads\/2023\/02\/MARCA-MAJO-CHAPADA_Base-Fendi-1.pdf-768x543.png 768w, https:\/\/lp2.majobeautyclub.com.br\/wp-content\/uploads\/2023\/02\/MARCA-MAJO-CHAPADA_Base-Fendi-1.pdf-300x212.png 300w, https:\/\/lp2.majobeautyclub.com.br\/wp-content\/uploads\/2023\/02\/MARCA-MAJO-CHAPADA_Base-Fendi-1.pdf-1024x724.png 1024w, https:\/\/lp2.majobeautyclub.com.br\/wp-content\/uploads\/2023\/02\/MARCA-MAJO-CHAPADA_Base-Fendi-1.pdf-1536x1086.png 1536w, https:\/\/lp2.majobeautyclub.com.br\/wp-content\/uploads\/2023\/02\/MARCA-MAJO-CHAPADA_Base-Fendi-1.pdf.png 2000w\" sizes=\"(max-width: 768px) 100vw, 768px\" \/>\t\t\t\t\t\t\t\t\t\t\t\t\t\t\t<\/div>\n\t\t\t\t<\/div>\n\t\t\t\t\t<\/div>\n\t\t<\/div>\n\t\t\t\t\t\t\t<\/div>\n\t\t<\/section>\n\t\t\t\t<section class=\"elementor-section elementor-top-section elementor-element elementor-element-3d3c3cb3 elementor-section-boxed elementor-section-height-default elementor-section-height-default\" data-id=\"3d3c3cb3\" data-element_type=\"section\">\n\t\t\t\t\t\t<div class=\"elementor-container elementor-column-gap-default\">\n\t\t\t\t\t<div class=\"elementor-column elementor-col-100 elementor-top-column elementor-element elementor-element-42da5528\" data-id=\"42da5528\" data-element_type=\"column\">\n\t\t\t<div class=\"elementor-widget-wrap elementor-element-populated\">\n\t\t\t\t\t\t\t\t<div class=\"elementor-element elementor-element-b087940 elementor-widget elementor-widget-spacer\" data-id=\"b087940\" data-element_type=\"widget\" data-widget_type=\"spacer.default\">\n\t\t\t\t<div class=\"elementor-widget-container\">\n\t\t\t\t\t<div class=\"elementor-spacer\">\n\t\t\t<div class=\"elementor-spacer-inner\"><\/div>\n\t\t<\/div>\n\t\t\t\t<\/div>\n\t\t\t\t<\/div>\n\t\t\t\t<div class=\"elementor-element elementor-element-22cf0b7c elementor-widget elementor-widget-heading\" data-id=\"22cf0b7c\" data-element_type=\"widget\" data-widget_type=\"heading.default\">\n\t\t\t\t<div class=\"elementor-widget-container\">\n\t\t\t<h2 class=\"elementor-heading-title elementor-size-default\">Agora s\u00f3 falta mais um passo...<\/h2>\t\t<\/div>\n\t\t\t\t<\/div>\n\t\t\t\t<div class=\"elementor-element elementor-element-457680f8 elementor-widget elementor-widget-text-editor\" data-id=\"457680f8\" data-element_type=\"widget\" data-widget_type=\"text-editor.default\">\n\t\t\t\t<div class=\"elementor-widget-container\">\n\t\t\t\t\t\t\t\t<p>Clique no bot\u00e3o abaixo e fale com a consultora agora mesmo e agende o melhor dia e hor\u00e1rio para voc\u00ea viver o&nbsp; seu #MomentoMaj\u00f4!<\/p>\t\t\t\t\t\t<\/div>\n\t\t\t\t<\/div>\n\t\t\t\t<div class=\"elementor-element elementor-element-6f1d3613 elementor-align-center elementor-widget elementor-widget-button\" data-id=\"6f1d3613\" data-element_type=\"widget\" data-widget_type=\"button.default\">\n\t\t\t\t<div class=\"elementor-widget-container\">\n\t\t\t\t\t<div class=\"elementor-button-wrapper\">\n\t\t\t<a href=\"https:\/\/api.whatsapp.com\/send?phone=556295077655&#038;text=Ol%C3%A1,%20vim%20da%20p%C3%A1gina%20da%20lipo%20redux\" class=\"elementor-button-link elementor-button elementor-size-md\" role=\"button\">\n\t\t\t\t\t\t<span class=\"elementor-button-content-wrapper\">\n\t\t\t\t\t\t<span class=\"elementor-button-icon elementor-align-icon-left\">\n\t\t\t\t<i aria-hidden=\"true\" class=\"fab fa-whatsapp\"><\/i>\t\t\t<\/span>\n\t\t\t\t\t\t<span class=\"elementor-button-text\">FALAR COM A CONSULTORA<\/span>\n\t\t<\/span>\n\t\t\t\t\t<\/a>\n\t\t<\/div>\n\t\t\t\t<\/div>\n\t\t\t\t<\/div>\n\t\t\t\t<div class=\"elementor-element elementor-element-682a2672 elementor-widget elementor-widget-spacer\" data-id=\"682a2672\" data-element_type=\"widget\" data-widget_type=\"spacer.default\">\n\t\t\t\t<div class=\"elementor-widget-container\">\n\t\t\t\t\t<div class=\"elementor-spacer\">\n\t\t\t<div class=\"elementor-spacer-inner\"><\/div>\n\t\t<\/div>\n\t\t\t\t<\/div>\n\t\t\t\t<\/div>\n\t\t\t\t\t<\/div>\n\t\t<\/div>\n\t\t\t\t\t\t\t<\/div>\n\t\t<\/section>\n\t\t\t\t\t\t<\/div>\n\t\t\t\t\t<\/div>\n\t\t","protected":false},"excerpt":{"rendered":"<p>Agora s\u00f3 falta mais um passo&#8230; Clique no bot\u00e3o abaixo e fale com a consultora agora mesmo e agende o melhor dia e hor\u00e1rio para voc\u00ea viver o&nbsp; seu #MomentoMaj\u00f4! FALAR COM A CONSULTORA<\/p>\n","protected":false},"author":1,"featured_media":0,"parent":0,"menu_order":0,"comment_status":"closed","ping_status":"closed","template":"elementor_canvas","meta":[],"_links":{"self":[{"href":"https:\/\/lp2.majobeautyclub.com.br\/index.php\/wp-json\/wp\/v2\/pages\/746"}],"collection":[{"href":"https:\/\/lp2.majobeautyclub.com.br\/index.php\/wp-json\/wp\/v2\/pages"}],"about":[{"href":"https:\/\/lp2.majobeautyclub.com.br\/index.php\/wp-json\/wp\/v2\/types\/page"}],"author":[{"embeddable":true,"href":"https:\/\/lp2.majobeautyclub.com.br\/index.php\/wp-json\/wp\/v2\/users\/1"}],"replies":[{"embeddable":true,"href":"https:\/\/lp2.majobeautyclub.com.br\/index.php\/wp-json\/wp\/v2\/comments?post=746"}],"version-history":[{"count":7,"href":"https:\/\/lp2.majobeautyclub.com.br\/index.php\/wp-json\/wp\/v2\/pages\/746\/revisions"}],"predecessor-version":[{"id":764,"href":"https:\/\/lp2.majobeautyclub.com.br\/index.php\/wp-json\/wp\/v2\/pages\/746\/revisions\/764"}],"wp:attachment":[{"href":"https:\/\/lp2.majobeautyclub.com.br\/index.php\/wp-json\/wp\/v2\/media?parent=746"}],"curies":[{"name":"wp","href":"https:\/\/api.w.org\/{rel}","templated":true}]}}